{"id":102,"date":"2023-11-06T23:22:41","date_gmt":"2023-11-06T22:22:41","guid":{"rendered":"https:\/\/centreholi.be\/?page_id=102"},"modified":"2025-08-24T00:14:45","modified_gmt":"2025-08-23T22:14:45","slug":"infrastructure","status":"publish","type":"page","link":"https:\/\/centreholi.be\/?page_id=102","title":{"rendered":"Infrastructure"},"content":{"rendered":"\n<p><\/p>\n\n\n\n<p style=\"line-height:2\">Des b\u00e2timents <strong>accessibles PMR<\/strong>, <br>Cinq cabinets de consultation <strong>sans vis-\u00e0-vis<\/strong>, b\u00e9n\u00e9ficiant tous d&#8217;une large ouverture et d&#8217;un acc\u00e8s sur la prairie,<br>Un <strong>grand parking <\/strong>avec \u00e2nes et ch\u00e8vres pour voisins,<br>Une salle d&#8217;attente spacieuse et lumineuse,<br>Une <strong>salle de cours collectif (35m\u00b2)<\/strong> donnant sur l&#8217;ext\u00e9rieur,<br>Un espace d\u00e9tente\/cuisine commun pour les th\u00e9rapeutes,<br>Un centre de pr\u00e9l\u00e8vement et de soins infirmiers avec acc\u00e8s ind\u00e9pendant.<br> <\/p>\n\n\n\n<div class=\"wp-block-columns is-layout-flex wp-container-core-columns-is-layout-9d6595d7 wp-block-columns-is-layout-flex\">\n<div class=\"wp-block-column is-layout-flow wp-block-column-is-layout-flow\" style=\"flex-basis:100%\">\n<figure class=\"wp-block-gallery has-nested-images columns-default is-cropped wp-block-gallery-1 is-layout-flex wp-block-gallery-is-layout-flex\">\n<figure class=\"wp-block-image size-large\"><img loading=\"lazy\" decoding=\"async\" width=\"1024\" height=\"574\" data-id=\"104\" src=\"https:\/\/centreholi.be\/wp-content\/uploads\/2023\/11\/Image1-1024x574.png\" alt=\"\" class=\"wp-image-104\" srcset=\"https:\/\/centreholi.be\/wp-content\/uploads\/2023\/11\/Image1-1024x574.png 1024w, https:\/\/centreholi.be\/wp-content\/uploads\/2023\/11\/Image1-300x168.png 300w, https:\/\/centreholi.be\/wp-content\/uploads\/2023\/11\/Image1-768x431.png 768w, https:\/\/centreholi.be\/wp-content\/uploads\/2023\/11\/Image1-1536x861.png 1536w, https:\/\/centreholi.be\/wp-content\/uploads\/2023\/11\/Image1-2048x1148.png 2048w\" sizes=\"auto, (max-width: 767px) 89vw, (max-width: 1000px) 54vw, (max-width: 1071px) 543px, 580px\" \/><\/figure>\n\n\n\n<figure class=\"wp-block-image size-large\"><img loading=\"lazy\" decoding=\"async\" width=\"1024\" height=\"527\" data-id=\"103\" src=\"https:\/\/centreholi.be\/wp-content\/uploads\/2023\/11\/Image3-1024x527.png\" alt=\"\" class=\"wp-image-103\" srcset=\"https:\/\/centreholi.be\/wp-content\/uploads\/2023\/11\/Image3-1024x527.png 1024w, https:\/\/centreholi.be\/wp-content\/uploads\/2023\/11\/Image3-300x154.png 300w, https:\/\/centreholi.be\/wp-content\/uploads\/2023\/11\/Image3-768x395.png 768w, https:\/\/centreholi.be\/wp-content\/uploads\/2023\/11\/Image3-1536x791.png 1536w, https:\/\/centreholi.be\/wp-content\/uploads\/2023\/11\/Image3-2048x1055.png 2048w\" sizes=\"auto, (max-width: 767px) 89vw, (max-width: 1000px) 54vw, (max-width: 1071px) 543px, 580px\" \/><\/figure>\n\n\n\n<figure class=\"wp-block-image size-large\"><img loading=\"lazy\" decoding=\"async\" width=\"1024\" height=\"562\" data-id=\"106\" src=\"https:\/\/centreholi.be\/wp-content\/uploads\/2023\/11\/Image4-1024x562.png\" alt=\"\" class=\"wp-image-106\" srcset=\"https:\/\/centreholi.be\/wp-content\/uploads\/2023\/11\/Image4-1024x562.png 1024w, https:\/\/centreholi.be\/wp-content\/uploads\/2023\/11\/Image4-300x165.png 300w, https:\/\/centreholi.be\/wp-content\/uploads\/2023\/11\/Image4-768x421.png 768w, https:\/\/centreholi.be\/wp-content\/uploads\/2023\/11\/Image4-1536x843.png 1536w, https:\/\/centreholi.be\/wp-content\/uploads\/2023\/11\/Image4-2048x1124.png 2048w\" sizes=\"auto, (max-width: 767px) 89vw, (max-width: 1000px) 54vw, (max-width: 1071px) 543px, 580px\" \/><\/figure>\n\n\n\n<figure class=\"wp-block-image size-large\"><img loading=\"lazy\" decoding=\"async\" width=\"1024\" height=\"544\" data-id=\"105\" src=\"https:\/\/centreholi.be\/wp-content\/uploads\/2023\/11\/Image2-1024x544.png\" alt=\"\" class=\"wp-image-105\" srcset=\"https:\/\/centreholi.be\/wp-content\/uploads\/2023\/11\/Image2-1024x544.png 1024w, https:\/\/centreholi.be\/wp-content\/uploads\/2023\/11\/Image2-300x159.png 300w, https:\/\/centreholi.be\/wp-content\/uploads\/2023\/11\/Image2-768x408.png 768w, https:\/\/centreholi.be\/wp-content\/uploads\/2023\/11\/Image2-1536x815.png 1536w, https:\/\/centreholi.be\/wp-content\/uploads\/2023\/11\/Image2-2048x1087.png 2048w\" sizes=\"auto, (max-width: 767px) 89vw, (max-width: 1000px) 54vw, (max-width: 1071px) 543px, 580px\" \/><\/figure>\n<\/figure>\n<\/div>\n<\/div>\n","protected":false},"excerpt":{"rendered":"<p>Des b\u00e2timents accessibles PMR, Cinq cabinets de consultation sans vis-\u00e0-vis, b\u00e9n\u00e9ficiant tous d&#8217;une large ouverture et d&#8217;un acc\u00e8s sur la prairie,Un grand parking avec \u00e2nes et ch\u00e8vres pour voisins,Une salle d&#8217;attente spacieuse et lumineuse,Une salle de cours collectif (35m\u00b2) donnant sur l&#8217;ext\u00e9rieur,Un espace d\u00e9tente\/cuisine commun pour les th\u00e9rapeutes,Un centre de pr\u00e9l\u00e8vement et de soins infirmiers &hellip; <\/p>\n<p class=\"link-more\"><a href=\"https:\/\/centreholi.be\/?page_id=102\" class=\"more-link\">Continue reading<span class=\"screen-reader-text\"> &#8220;Infrastructure&#8221;<\/span><\/a><\/p>\n","protected":false},"author":2,"featured_media":0,"parent":0,"menu_order":0,"comment_status":"closed","ping_status":"closed","template":"","meta":{"footnotes":""},"class_list":["post-102","page","type-page","status-publish","hentry"],"_links":{"self":[{"href":"https:\/\/centreholi.be\/index.php?rest_route=\/wp\/v2\/pages\/102","targetHints":{"allow":["GET"]}}],"collection":[{"href":"https:\/\/centreholi.be\/index.php?rest_route=\/wp\/v2\/pages"}],"about":[{"href":"https:\/\/centreholi.be\/index.php?rest_route=\/wp\/v2\/types\/page"}],"author":[{"embeddable":true,"href":"https:\/\/centreholi.be\/index.php?rest_route=\/wp\/v2\/users\/2"}],"replies":[{"embeddable":true,"href":"https:\/\/centreholi.be\/index.php?rest_route=%2Fwp%2Fv2%2Fcomments&post=102"}],"version-history":[{"count":7,"href":"https:\/\/centreholi.be\/index.php?rest_route=\/wp\/v2\/pages\/102\/revisions"}],"predecessor-version":[{"id":397,"href":"https:\/\/centreholi.be\/index.php?rest_route=\/wp\/v2\/pages\/102\/revisions\/397"}],"wp:attachment":[{"href":"https:\/\/centreholi.be\/index.php?rest_route=%2Fwp%2Fv2%2Fmedia&parent=102"}],"curies":[{"name":"wp","href":"https:\/\/api.w.org\/{rel}","templated":true}]}}