{"id":204,"date":"2025-06-09T13:23:47","date_gmt":"2025-06-09T11:23:47","guid":{"rendered":"https:\/\/centreholi.be\/?page_id=204"},"modified":"2025-10-18T11:30:52","modified_gmt":"2025-10-18T09:30:52","slug":"que-signifie-la-sante-integrative","status":"publish","type":"page","link":"https:\/\/centreholi.be\/?page_id=204","title":{"rendered":"Que signifie la \u00ab\u00a0sant\u00e9 int\u00e9grative\u00a0\u00bb\u00a0?"},"content":{"rendered":"\n<p>Cette expression est en vogue. Nous l\u2019entendons partout, pas que dans les milieux de soins, aussi dans les magazines de bien-\u00eatre ou lors de s\u00e9minaires sur le burn-out. Au risque d\u2019irriter les professionnels de sant\u00e9 qui y voient un terme vague et fourre-tout.<\/p>\n\n\n\n<p><strong><em>Par essence, la sant\u00e9 est int\u00e9grative<\/em><\/strong>. En relisant la d\u00e9finition de sant\u00e9 donn\u00e9e par l\u2019OMS \u00ab&nbsp;\u00e9tat de complet bien-\u00eatre physique, mental et social&nbsp;\u00bb, on retrouve bien ses dimensions multiples, plus larges que la simple \u00ab&nbsp;absence de maladie&nbsp;\u00bb.<\/p>\n\n\n\n<p>Alors pourquoi ce pl\u00e9onasme&nbsp;? Cette faute de fran\u00e7ais est probablement symptomatique d\u2019une m\u00e9decine devenue trop \u00e9triqu\u00e9e, concentr\u00e9e sur les maladies et leur traitement. Elle symbolise le <strong><em>besoin de prendre en compte toutes les dimensions de la sant\u00e9<\/em><\/strong>.<\/p>\n\n\n\n<p>Au Centre Holi, nous souhaitons r\u00e9concilier la m\u00e9decine conventionnelle avec les autres dimensions de la sant\u00e9, en mettant l\u2019<strong><em>accent sur la pr\u00e9vention par le mouvement, la nutrition, la gestion des \u00e9motions et le lien \u00e0 la nature<\/em><\/strong>.<\/p>\n\n\n\n<p><\/p>\n","protected":false},"excerpt":{"rendered":"<p>Cette expression est en vogue. Nous l\u2019entendons partout, pas que dans les milieux de soins, aussi dans les magazines de bien-\u00eatre ou lors de s\u00e9minaires sur le burn-out. Au risque d\u2019irriter les professionnels de sant\u00e9 qui y voient un terme vague et fourre-tout. Par essence, la sant\u00e9 est int\u00e9grative. En relisant la d\u00e9finition de sant\u00e9 &hellip; <\/p>\n<p class=\"link-more\"><a href=\"https:\/\/centreholi.be\/?page_id=204\" class=\"more-link\">Continue reading<span class=\"screen-reader-text\"> &#8220;Que signifie la \u00ab\u00a0sant\u00e9 int\u00e9grative\u00a0\u00bb\u00a0?&#8221;<\/span><\/a><\/p>\n","protected":false},"author":2,"featured_media":0,"parent":0,"menu_order":0,"comment_status":"closed","ping_status":"closed","template":"","meta":{"footnotes":""},"class_list":["post-204","page","type-page","status-publish","hentry"],"_links":{"self":[{"href":"https:\/\/centreholi.be\/index.php?rest_route=\/wp\/v2\/pages\/204","targetHints":{"allow":["GET"]}}],"collection":[{"href":"https:\/\/centreholi.be\/index.php?rest_route=\/wp\/v2\/pages"}],"about":[{"href":"https:\/\/centreholi.be\/index.php?rest_route=\/wp\/v2\/types\/page"}],"author":[{"embeddable":true,"href":"https:\/\/centreholi.be\/index.php?rest_route=\/wp\/v2\/users\/2"}],"replies":[{"embeddable":true,"href":"https:\/\/centreholi.be\/index.php?rest_route=%2Fwp%2Fv2%2Fcomments&post=204"}],"version-history":[{"count":3,"href":"https:\/\/centreholi.be\/index.php?rest_route=\/wp\/v2\/pages\/204\/revisions"}],"predecessor-version":[{"id":533,"href":"https:\/\/centreholi.be\/index.php?rest_route=\/wp\/v2\/pages\/204\/revisions\/533"}],"wp:attachment":[{"href":"https:\/\/centreholi.be\/index.php?rest_route=%2Fwp%2Fv2%2Fmedia&parent=204"}],"curies":[{"name":"wp","href":"https:\/\/api.w.org\/{rel}","templated":true}]}}