{"id":42,"date":"2023-10-25T11:52:00","date_gmt":"2023-10-25T09:52:00","guid":{"rendered":"https:\/\/centreholi.be\/?page_id=42"},"modified":"2025-03-17T23:10:59","modified_gmt":"2025-03-17T22:10:59","slug":"bienvenue","status":"publish","type":"page","link":"https:\/\/centreholi.be\/","title":{"rendered":"Bienvenue"},"content":{"rendered":"\n<p><\/p>\n\n\n\n<p>Le Centre Holi est un espace pluridisciplinaire, connect\u00e9 \u00e0 la nature, centr\u00e9 sur l&#8217;individu et sa capacit\u00e9 \u00e0 prendre soin de sa sant\u00e9.<\/p>\n\n\n\n<p><\/p>\n\n\n\n<p>Nous avons le souhait de privil\u00e9gier une m\u00e9decine plus pr\u00e9ventive \u00e0 tous les \u00e2ges de la vie, d&#8217;encourager les interactions entre professionnels de sant\u00e9 et de favoriser les alternatives non m\u00e9dicamenteuses (quand elles existent).<\/p>\n\n\n\n<p><\/p>\n\n\n\n<figure class=\"wp-block-image size-large\"><img loading=\"lazy\" decoding=\"async\" width=\"1024\" height=\"683\" src=\"https:\/\/centreholi.be\/wp-content\/uploads\/2023\/10\/3E6A3914-1024x683.jpg\" alt=\"\" class=\"wp-image-51\" srcset=\"https:\/\/centreholi.be\/wp-content\/uploads\/2023\/10\/3E6A3914-1024x683.jpg 1024w, https:\/\/centreholi.be\/wp-content\/uploads\/2023\/10\/3E6A3914-300x200.jpg 300w, https:\/\/centreholi.be\/wp-content\/uploads\/2023\/10\/3E6A3914-768x512.jpg 768w, https:\/\/centreholi.be\/wp-content\/uploads\/2023\/10\/3E6A3914-1536x1024.jpg 1536w, https:\/\/centreholi.be\/wp-content\/uploads\/2023\/10\/3E6A3914.jpg 2048w\" sizes=\"auto, (max-width: 767px) 89vw, (max-width: 1000px) 54vw, (max-width: 1071px) 543px, 580px\" \/><\/figure>\n","protected":false},"excerpt":{"rendered":"<p>Le Centre Holi est un espace pluridisciplinaire, connect\u00e9 \u00e0 la nature, centr\u00e9 sur l&#8217;individu et sa capacit\u00e9 \u00e0 prendre soin de sa sant\u00e9. Nous avons le souhait de privil\u00e9gier une m\u00e9decine plus pr\u00e9ventive \u00e0 tous les \u00e2ges de la vie, d&#8217;encourager les interactions entre professionnels de sant\u00e9 et de favoriser les alternatives non m\u00e9dicamenteuses (quand &hellip; <\/p>\n<p class=\"link-more\"><a href=\"https:\/\/centreholi.be\/\" class=\"more-link\">Continue reading<span class=\"screen-reader-text\"> &#8220;Bienvenue&#8221;<\/span><\/a><\/p>\n","protected":false},"author":2,"featured_media":40,"parent":0,"menu_order":0,"comment_status":"closed","ping_status":"closed","template":"","meta":{"footnotes":""},"class_list":["post-42","page","type-page","status-publish","has-post-thumbnail","hentry"],"_links":{"self":[{"href":"https:\/\/centreholi.be\/index.php?rest_route=\/wp\/v2\/pages\/42","targetHints":{"allow":["GET"]}}],"collection":[{"href":"https:\/\/centreholi.be\/index.php?rest_route=\/wp\/v2\/pages"}],"about":[{"href":"https:\/\/centreholi.be\/index.php?rest_route=\/wp\/v2\/types\/page"}],"author":[{"embeddable":true,"href":"https:\/\/centreholi.be\/index.php?rest_route=\/wp\/v2\/users\/2"}],"replies":[{"embeddable":true,"href":"https:\/\/centreholi.be\/index.php?rest_route=%2Fwp%2Fv2%2Fcomments&post=42"}],"version-history":[{"count":10,"href":"https:\/\/centreholi.be\/index.php?rest_route=\/wp\/v2\/pages\/42\/revisions"}],"predecessor-version":[{"id":188,"href":"https:\/\/centreholi.be\/index.php?rest_route=\/wp\/v2\/pages\/42\/revisions\/188"}],"wp:featuredmedia":[{"embeddable":true,"href":"https:\/\/centreholi.be\/index.php?rest_route=\/wp\/v2\/media\/40"}],"wp:attachment":[{"href":"https:\/\/centreholi.be\/index.php?rest_route=%2Fwp%2Fv2%2Fmedia&parent=42"}],"curies":[{"name":"wp","href":"https:\/\/api.w.org\/{rel}","templated":true}]}}