{"id":469,"date":"2025-09-16T23:18:21","date_gmt":"2025-09-16T21:18:21","guid":{"rendered":"https:\/\/centreholi.be\/?page_id=469"},"modified":"2025-09-27T00:00:40","modified_gmt":"2025-09-26T22:00:40","slug":"amandine-vankerckhoven","status":"publish","type":"page","link":"https:\/\/centreholi.be\/?page_id=469","title":{"rendered":"Amandine Vankerckhoven, psychomotricienne"},"content":{"rendered":"\n<div class=\"wp-block-columns is-layout-flex wp-container-core-columns-is-layout-9d6595d7 wp-block-columns-is-layout-flex\">\n<div class=\"wp-block-column is-layout-flow wp-block-column-is-layout-flow\">\n<figure class=\"wp-block-image size-large\"><img loading=\"lazy\" decoding=\"async\" width=\"683\" height=\"1024\" src=\"https:\/\/centreholi.be\/wp-content\/uploads\/2025\/09\/3E6A5829-683x1024.jpg\" alt=\"\" class=\"wp-image-503\" srcset=\"https:\/\/centreholi.be\/wp-content\/uploads\/2025\/09\/3E6A5829-683x1024.jpg 683w, https:\/\/centreholi.be\/wp-content\/uploads\/2025\/09\/3E6A5829-200x300.jpg 200w, https:\/\/centreholi.be\/wp-content\/uploads\/2025\/09\/3E6A5829-768x1152.jpg 768w, https:\/\/centreholi.be\/wp-content\/uploads\/2025\/09\/3E6A5829-1024x1536.jpg 1024w, https:\/\/centreholi.be\/wp-content\/uploads\/2025\/09\/3E6A5829-1365x2048.jpg 1365w, https:\/\/centreholi.be\/wp-content\/uploads\/2025\/09\/3E6A5829-scaled.jpg 1707w\" sizes=\"auto, (max-width: 683px) 100vw, 683px\" \/><\/figure>\n<\/div>\n<\/div>\n\n\n\n<p>Amandine Vankerckhoven, psychomotricienne passionn\u00e9e, dipl\u00f4m\u00e9e de la Haute Ecole de la Province de Li\u00e8ge, accueille chaque enfant avec une attention d\u00e9licate, le consid\u00e9rant dans toute sa singularit\u00e9 et son histoire personnelle.<\/p>\n\n\n\n<p>Son approche s\u2019attache \u00e0 explorer les liens subtils entre motricit\u00e9, \u00e9motions et cognition \u2014 ces fils invisibles qui tissent la mani\u00e8re dont l\u2019enfant se d\u00e9veloppe, s\u2019exprime et entre en relation avec le monde qui l\u2019entoure.<\/p>\n\n\n\n<p>\u00c0 travers le jeu, dans un cadre s\u00e9curisant et bienveillant, elle accompagne l\u2019enfant vers plus d\u2019autonomie, de confiance et de mieux-\u00eatre. Chaque s\u00e9ance est pens\u00e9e comme un espace d\u2019exp\u00e9rimentation libre, o\u00f9 l\u2019enfant peut grandir \u00e0 son rythme.Empathie, \u00e9coute et respect du parcours de chacun sont les fondements de sa pratique. Elle propose des accompagnements individualis\u00e9s, adapt\u00e9s aux besoins et aux capacit\u00e9s de chaque enfant, dans une relation de confiance o\u00f9 la parole et le mouvement trouvent leur juste place.<\/p>\n\n\n\n<p>Les s\u00e9ances varient entre 30 et 45 minutes.<\/p>\n\n\n\n<p>30 minutes du nourrisson \u00e0 l&#8217;\u00e2ge de 2 ans, 45 minutes apr\u00e8s 2 ans.<\/p>\n\n\n\n<p>30euros\/30 minutes &#8211; 45 euros\/45 minutes.<\/p>\n\n\n\n<p>Retrouvez Amandine les vendredis de 16h \u00e0 19h et les samedis de 14h \u00e0 19h.<\/p>\n\n\n\n<p>Prise de rendez-vous du lundi au vendredi, de 9h \u00e0 17h au 0476\/41.20.03 ou par mail \u00e0 <a href=\"mailto:amandine.v.psychomot@gmail.com\">amandine.v.psychomot@gmail.com<\/a><\/p>\n\n\n\n<p><\/p>\n","protected":false},"excerpt":{"rendered":"<p>Amandine Vankerckhoven, psychomotricienne passionn\u00e9e, dipl\u00f4m\u00e9e de la Haute Ecole de la Province de Li\u00e8ge, accueille chaque enfant avec une attention d\u00e9licate, le consid\u00e9rant dans toute sa singularit\u00e9 et son histoire personnelle. Son approche s\u2019attache \u00e0 explorer les liens subtils entre motricit\u00e9, \u00e9motions et cognition \u2014 ces fils invisibles qui tissent la mani\u00e8re dont l\u2019enfant se &hellip; <\/p>\n<p class=\"link-more\"><a href=\"https:\/\/centreholi.be\/?page_id=469\" class=\"more-link\">Continue reading<span class=\"screen-reader-text\"> &#8220;Amandine Vankerckhoven, psychomotricienne&#8221;<\/span><\/a><\/p>\n","protected":false},"author":2,"featured_media":0,"parent":0,"menu_order":0,"comment_status":"closed","ping_status":"closed","template":"","meta":{"footnotes":""},"class_list":["post-469","page","type-page","status-publish","hentry"],"_links":{"self":[{"href":"https:\/\/centreholi.be\/index.php?rest_route=\/wp\/v2\/pages\/469","targetHints":{"allow":["GET"]}}],"collection":[{"href":"https:\/\/centreholi.be\/index.php?rest_route=\/wp\/v2\/pages"}],"about":[{"href":"https:\/\/centreholi.be\/index.php?rest_route=\/wp\/v2\/types\/page"}],"author":[{"embeddable":true,"href":"https:\/\/centreholi.be\/index.php?rest_route=\/wp\/v2\/users\/2"}],"replies":[{"embeddable":true,"href":"https:\/\/centreholi.be\/index.php?rest_route=%2Fwp%2Fv2%2Fcomments&post=469"}],"version-history":[{"count":6,"href":"https:\/\/centreholi.be\/index.php?rest_route=\/wp\/v2\/pages\/469\/revisions"}],"predecessor-version":[{"id":504,"href":"https:\/\/centreholi.be\/index.php?rest_route=\/wp\/v2\/pages\/469\/revisions\/504"}],"wp:attachment":[{"href":"https:\/\/centreholi.be\/index.php?rest_route=%2Fwp%2Fv2%2Fmedia&parent=469"}],"curies":[{"name":"wp","href":"https:\/\/api.w.org\/{rel}","templated":true}]}}