{"id":498,"date":"2025-09-26T23:58:13","date_gmt":"2025-09-26T21:58:13","guid":{"rendered":"https:\/\/centreholi.be\/?page_id=498"},"modified":"2025-09-26T23:58:13","modified_gmt":"2025-09-26T21:58:13","slug":"anjali-winandy-conseillere-en-nutrition","status":"publish","type":"page","link":"https:\/\/centreholi.be\/?page_id=498","title":{"rendered":"Anjali Winandy, conseill\u00e8re en nutrition"},"content":{"rendered":"\n<figure class=\"wp-block-image size-large\"><img loading=\"lazy\" decoding=\"async\" width=\"1024\" height=\"683\" src=\"https:\/\/centreholi.be\/wp-content\/uploads\/2025\/09\/3E6A5810-1024x683.jpg\" alt=\"\" class=\"wp-image-499\" srcset=\"https:\/\/centreholi.be\/wp-content\/uploads\/2025\/09\/3E6A5810-1024x683.jpg 1024w, https:\/\/centreholi.be\/wp-content\/uploads\/2025\/09\/3E6A5810-300x200.jpg 300w, https:\/\/centreholi.be\/wp-content\/uploads\/2025\/09\/3E6A5810-768x512.jpg 768w, https:\/\/centreholi.be\/wp-content\/uploads\/2025\/09\/3E6A5810-1536x1024.jpg 1536w, https:\/\/centreholi.be\/wp-content\/uploads\/2025\/09\/3E6A5810-2048x1365.jpg 2048w\" sizes=\"auto, (max-width: 767px) 89vw, (max-width: 1000px) 54vw, (max-width: 1071px) 543px, 580px\" \/><\/figure>\n\n\n\n<p>Anjali Winandy est conseill\u00e8re certifi\u00e9e en nutrition et alimentation. Convaincue que la sant\u00e9 commence dans l\u2019assiette, elle a cr\u00e9\u00e9 La Table d\u2019Anjali \u2014 un espace o\u00f9 l\u2019on cuisine avec plaisir, conscience et bienveillance.<\/p>\n\n\n\n<p>Son objectif ? Vous accompagner vers une alimentation qui fait du bien, \u00e0 travers des recettes simples, belles et savoureuses. Le beau, le bon, le sain\u2026 Ce sont ses rep\u00e8res au quotidien. Et cette phrase qui l\u2019inspire : &#8220;Que ton alimentation soit ta premi\u00e8re m\u00e9decine&#8221;.<\/p>\n\n\n\n<p>Au Centre Holi, elle vous invitera bient\u00f4t \u00e0 venir go\u00fbter, \u00e9changer, et d\u00e9couvrir comment prendre soin de soi\u2026 tout en se r\u00e9galant, une bouch\u00e9e \u00e0 la fois.<\/p>\n\n\n\n<p><\/p>\n","protected":false},"excerpt":{"rendered":"<p>Anjali Winandy est conseill\u00e8re certifi\u00e9e en nutrition et alimentation. Convaincue que la sant\u00e9 commence dans l\u2019assiette, elle a cr\u00e9\u00e9 La Table d\u2019Anjali \u2014 un espace o\u00f9 l\u2019on cuisine avec plaisir, conscience et bienveillance. Son objectif ? Vous accompagner vers une alimentation qui fait du bien, \u00e0 travers des recettes simples, belles et savoureuses. Le beau, &hellip; <\/p>\n<p class=\"link-more\"><a href=\"https:\/\/centreholi.be\/?page_id=498\" class=\"more-link\">Continue reading<span class=\"screen-reader-text\"> &#8220;Anjali Winandy, conseill\u00e8re en nutrition&#8221;<\/span><\/a><\/p>\n","protected":false},"author":2,"featured_media":0,"parent":0,"menu_order":0,"comment_status":"closed","ping_status":"closed","template":"","meta":{"footnotes":""},"class_list":["post-498","page","type-page","status-publish","hentry"],"_links":{"self":[{"href":"https:\/\/centreholi.be\/index.php?rest_route=\/wp\/v2\/pages\/498","targetHints":{"allow":["GET"]}}],"collection":[{"href":"https:\/\/centreholi.be\/index.php?rest_route=\/wp\/v2\/pages"}],"about":[{"href":"https:\/\/centreholi.be\/index.php?rest_route=\/wp\/v2\/types\/page"}],"author":[{"embeddable":true,"href":"https:\/\/centreholi.be\/index.php?rest_route=\/wp\/v2\/users\/2"}],"replies":[{"embeddable":true,"href":"https:\/\/centreholi.be\/index.php?rest_route=%2Fwp%2Fv2%2Fcomments&post=498"}],"version-history":[{"count":1,"href":"https:\/\/centreholi.be\/index.php?rest_route=\/wp\/v2\/pages\/498\/revisions"}],"predecessor-version":[{"id":501,"href":"https:\/\/centreholi.be\/index.php?rest_route=\/wp\/v2\/pages\/498\/revisions\/501"}],"wp:attachment":[{"href":"https:\/\/centreholi.be\/index.php?rest_route=%2Fwp%2Fv2%2Fmedia&parent=498"}],"curies":[{"name":"wp","href":"https:\/\/api.w.org\/{rel}","templated":true}]}}