{"id":536,"date":"2025-11-07T23:39:19","date_gmt":"2025-11-07T22:39:19","guid":{"rendered":"https:\/\/centreholi.be\/?page_id=536"},"modified":"2025-11-07T23:43:06","modified_gmt":"2025-11-07T22:43:06","slug":"claude-pirotte-psychologue","status":"publish","type":"page","link":"https:\/\/centreholi.be\/?page_id=536","title":{"rendered":"Claude Pirotte, psychologue"},"content":{"rendered":"\n<div class=\"wp-block-columns is-layout-flex wp-container-core-columns-is-layout-9d6595d7 wp-block-columns-is-layout-flex\">\n<div class=\"wp-block-column is-layout-flow wp-block-column-is-layout-flow\" style=\"flex-basis:33.33%\">\n<figure class=\"wp-block-image size-large\"><img loading=\"lazy\" decoding=\"async\" width=\"682\" height=\"1024\" src=\"https:\/\/centreholi.be\/wp-content\/uploads\/2025\/11\/Retouche-2-682x1024.png\" alt=\"\" class=\"wp-image-543\" srcset=\"https:\/\/centreholi.be\/wp-content\/uploads\/2025\/11\/Retouche-2-682x1024.png 682w, https:\/\/centreholi.be\/wp-content\/uploads\/2025\/11\/Retouche-2-200x300.png 200w, https:\/\/centreholi.be\/wp-content\/uploads\/2025\/11\/Retouche-2-768x1152.png 768w, https:\/\/centreholi.be\/wp-content\/uploads\/2025\/11\/Retouche-2.png 853w\" sizes=\"auto, (max-width: 682px) 100vw, 682px\" \/><\/figure>\n<\/div>\n\n\n\n<div class=\"wp-block-column is-layout-flow wp-block-column-is-layout-flow\" style=\"flex-basis:66.66%\">\n<p>Claude Pirotte vous accueille depuis fin octobre au Centre Holi. Psychologue clinicienne, elle propose une consultation influenc\u00e9e par les approches cliniques int\u00e9gratives et humanistes les mercredis apr\u00e8s-midis. Elle y pratique la th\u00e9rapie par le geste dans\u00e9, touch\u00e9 et parl\u00e9, notamment par le massage, la transe et la &#8220;somatic experiencing&#8221;.<\/p>\n\n\n\n<p>Form\u00e9e au Life Art Process (pratique d&#8217;expression cr\u00e9ative qui met en r\u00e9sonnance la danse libre, l&#8217;improvisation, le dessin spontan\u00e9, l&#8217;\u00e9criture intuitive), elle anime depuis plus de 10 ans les ateliers de Danse Emoi Psych\u00e9kin\u00e9sis. Un cycle s&#8217;ouvre d\u00e8s ce 12\/11 sous forme de 4x2h. L&#8217;occasion d&#8217;explorer les endroits o\u00f9 nous avons abandonn\u00e9 notre nature, perdu le contact avec notre instinct.<\/p>\n\n\n\n<p>Consultation : les mercredis entre 16h00 et 19h00.<\/p>\n\n\n\n<p>Ateliers Danse Emoi : les mercredis entre 19h30 et 21h30 (12\/11-19\/11-26\/11-03\/12).<\/p>\n\n\n\n<p><img loading=\"lazy\" decoding=\"async\" height=\"16\" width=\"16\" alt=\"\ud83d\udcde\" src=\"https:\/\/static.xx.fbcdn.net\/images\/emoji.php\/v9\/tec\/2\/16\/1f4de.png\"> Contact : 0498\/383291.<\/p>\n\n\n\n<p><\/p>\n<\/div>\n<\/div>\n\n\n\n<p><\/p>\n","protected":false},"excerpt":{"rendered":"<p>Claude Pirotte vous accueille depuis fin octobre au Centre Holi. Psychologue clinicienne, elle propose une consultation influenc\u00e9e par les approches cliniques int\u00e9gratives et humanistes les mercredis apr\u00e8s-midis. Elle y pratique la th\u00e9rapie par le geste dans\u00e9, touch\u00e9 et parl\u00e9, notamment par le massage, la transe et la &#8220;somatic experiencing&#8221;. Form\u00e9e au Life Art Process (pratique &hellip; <\/p>\n<p class=\"link-more\"><a href=\"https:\/\/centreholi.be\/?page_id=536\" class=\"more-link\">Continue reading<span class=\"screen-reader-text\"> &#8220;Claude Pirotte, psychologue&#8221;<\/span><\/a><\/p>\n","protected":false},"author":2,"featured_media":0,"parent":0,"menu_order":0,"comment_status":"closed","ping_status":"closed","template":"","meta":{"footnotes":""},"class_list":["post-536","page","type-page","status-publish","hentry"],"_links":{"self":[{"href":"https:\/\/centreholi.be\/index.php?rest_route=\/wp\/v2\/pages\/536","targetHints":{"allow":["GET"]}}],"collection":[{"href":"https:\/\/centreholi.be\/index.php?rest_route=\/wp\/v2\/pages"}],"about":[{"href":"https:\/\/centreholi.be\/index.php?rest_route=\/wp\/v2\/types\/page"}],"author":[{"embeddable":true,"href":"https:\/\/centreholi.be\/index.php?rest_route=\/wp\/v2\/users\/2"}],"replies":[{"embeddable":true,"href":"https:\/\/centreholi.be\/index.php?rest_route=%2Fwp%2Fv2%2Fcomments&post=536"}],"version-history":[{"count":4,"href":"https:\/\/centreholi.be\/index.php?rest_route=\/wp\/v2\/pages\/536\/revisions"}],"predecessor-version":[{"id":544,"href":"https:\/\/centreholi.be\/index.php?rest_route=\/wp\/v2\/pages\/536\/revisions\/544"}],"wp:attachment":[{"href":"https:\/\/centreholi.be\/index.php?rest_route=%2Fwp%2Fv2%2Fmedia&parent=536"}],"curies":[{"name":"wp","href":"https:\/\/api.w.org\/{rel}","templated":true}]}}