{"id":709,"date":"2026-04-11T23:39:31","date_gmt":"2026-04-11T21:39:31","guid":{"rendered":"https:\/\/centreholi.be\/?page_id=709"},"modified":"2026-04-11T23:39:31","modified_gmt":"2026-04-11T21:39:31","slug":"julie-de-baerdemaeker-psychologue","status":"publish","type":"page","link":"https:\/\/centreholi.be\/?page_id=709","title":{"rendered":"Julie De Baerdemaeker, psychologue"},"content":{"rendered":"\n<figure class=\"wp-block-image size-large\"><img loading=\"lazy\" decoding=\"async\" width=\"1024\" height=\"683\" src=\"https:\/\/centreholi.be\/wp-content\/uploads\/2026\/04\/1Z5A9323-1024x683.jpg\" alt=\"\" class=\"wp-image-710\" srcset=\"https:\/\/centreholi.be\/wp-content\/uploads\/2026\/04\/1Z5A9323-1024x683.jpg 1024w, https:\/\/centreholi.be\/wp-content\/uploads\/2026\/04\/1Z5A9323-300x200.jpg 300w, https:\/\/centreholi.be\/wp-content\/uploads\/2026\/04\/1Z5A9323-768x512.jpg 768w, https:\/\/centreholi.be\/wp-content\/uploads\/2026\/04\/1Z5A9323-1536x1024.jpg 1536w, https:\/\/centreholi.be\/wp-content\/uploads\/2026\/04\/1Z5A9323-2048x1365.jpg 2048w\" sizes=\"auto, (max-width: 767px) 89vw, (max-width: 1000px) 54vw, (max-width: 1071px) 543px, 580px\" \/><\/figure>\n\n\n\n<p>Julie De Baerdemaeker, psychologue clinicienne, propose depuis une dizaine d&#8217;ann\u00e9es, un accompagnement psycho-algologique aux patients du Centre Multidisciplinaire du Traitement de la Douleur (CMTD) du CHR Verviers. A partir de mars 2026, certaines plages de consultation s&#8217;ouvriront \u00e9galement au sein du Centre Holi, dans un nouvel environnement agr\u00e9able, color\u00e9 par ses belles touches de nature.<\/p>\n\n\n\n<p>Pour tout renseignement concernant le CMTD, vous pouvez vous adresser au 087\/21 98 87.<\/p>\n\n\n\n<p><a href=\"https:\/\/www.chrverviers.be\/services-centre...\">https:\/\/www.chrverviers.be\/services-centre&#8230;<\/a><\/p>\n","protected":false},"excerpt":{"rendered":"<p>Julie De Baerdemaeker, psychologue clinicienne, propose depuis une dizaine d&#8217;ann\u00e9es, un accompagnement psycho-algologique aux patients du Centre Multidisciplinaire du Traitement de la Douleur (CMTD) du CHR Verviers. A partir de mars 2026, certaines plages de consultation s&#8217;ouvriront \u00e9galement au sein du Centre Holi, dans un nouvel environnement agr\u00e9able, color\u00e9 par ses belles touches de nature. &hellip; <\/p>\n<p class=\"link-more\"><a href=\"https:\/\/centreholi.be\/?page_id=709\" class=\"more-link\">Continue reading<span class=\"screen-reader-text\"> &#8220;Julie De Baerdemaeker, psychologue&#8221;<\/span><\/a><\/p>\n","protected":false},"author":2,"featured_media":0,"parent":0,"menu_order":0,"comment_status":"closed","ping_status":"closed","template":"","meta":{"footnotes":""},"class_list":["post-709","page","type-page","status-publish","hentry"],"_links":{"self":[{"href":"https:\/\/centreholi.be\/index.php?rest_route=\/wp\/v2\/pages\/709","targetHints":{"allow":["GET"]}}],"collection":[{"href":"https:\/\/centreholi.be\/index.php?rest_route=\/wp\/v2\/pages"}],"about":[{"href":"https:\/\/centreholi.be\/index.php?rest_route=\/wp\/v2\/types\/page"}],"author":[{"embeddable":true,"href":"https:\/\/centreholi.be\/index.php?rest_route=\/wp\/v2\/users\/2"}],"replies":[{"embeddable":true,"href":"https:\/\/centreholi.be\/index.php?rest_route=%2Fwp%2Fv2%2Fcomments&post=709"}],"version-history":[{"count":1,"href":"https:\/\/centreholi.be\/index.php?rest_route=\/wp\/v2\/pages\/709\/revisions"}],"predecessor-version":[{"id":712,"href":"https:\/\/centreholi.be\/index.php?rest_route=\/wp\/v2\/pages\/709\/revisions\/712"}],"wp:attachment":[{"href":"https:\/\/centreholi.be\/index.php?rest_route=%2Fwp%2Fv2%2Fmedia&parent=709"}],"curies":[{"name":"wp","href":"https:\/\/api.w.org\/{rel}","templated":true}]}}