{"id":714,"date":"2026-04-11T23:49:25","date_gmt":"2026-04-11T21:49:25","guid":{"rendered":"https:\/\/centreholi.be\/?page_id=714"},"modified":"2026-04-11T23:49:25","modified_gmt":"2026-04-11T21:49:25","slug":"marie-petiniot-psychologue","status":"publish","type":"page","link":"https:\/\/centreholi.be\/?page_id=714","title":{"rendered":"Marie Petiniot, psychologue"},"content":{"rendered":"\n<figure class=\"wp-block-image size-large\"><img loading=\"lazy\" decoding=\"async\" width=\"1024\" height=\"683\" src=\"https:\/\/centreholi.be\/wp-content\/uploads\/2026\/04\/1Z5A9288-1-1024x683.jpg\" alt=\"\" class=\"wp-image-719\" srcset=\"https:\/\/centreholi.be\/wp-content\/uploads\/2026\/04\/1Z5A9288-1-1024x683.jpg 1024w, https:\/\/centreholi.be\/wp-content\/uploads\/2026\/04\/1Z5A9288-1-300x200.jpg 300w, https:\/\/centreholi.be\/wp-content\/uploads\/2026\/04\/1Z5A9288-1-768x512.jpg 768w, https:\/\/centreholi.be\/wp-content\/uploads\/2026\/04\/1Z5A9288-1-1536x1024.jpg 1536w, https:\/\/centreholi.be\/wp-content\/uploads\/2026\/04\/1Z5A9288-1-2048x1365.jpg 2048w\" sizes=\"auto, (max-width: 767px) 89vw, (max-width: 1000px) 54vw, (max-width: 1071px) 543px, 580px\" \/><\/figure>\n\n\n\n<p>Marie Petiniot, psychologue au CHR Verviers en oncologie et au sein de la convention diab\u00e9tique, propose un accompagnement destin\u00e9 \u00e0 ses patients les jeudis au Centre Holi.<\/p>\n\n\n\n<p>Ce dispositif s&#8217;inscrit dans une volont\u00e9 partag\u00e9e avec l\u2019h\u00f4pital d\u2019offrir un espace en dehors du cadre m\u00e9dical traditionnel, permettant un suivi dans un environnement serein, chaleureux et apaisant.<\/p>\n\n\n\n<p>Pour toute question ou prise de rendez-vous, contactez le 087\/219369.<\/p>\n","protected":false},"excerpt":{"rendered":"<p>Marie Petiniot, psychologue au CHR Verviers en oncologie et au sein de la convention diab\u00e9tique, propose un accompagnement destin\u00e9 \u00e0 ses patients les jeudis au Centre Holi. Ce dispositif s&#8217;inscrit dans une volont\u00e9 partag\u00e9e avec l\u2019h\u00f4pital d\u2019offrir un espace en dehors du cadre m\u00e9dical traditionnel, permettant un suivi dans un environnement serein, chaleureux et apaisant. &hellip; <\/p>\n<p class=\"link-more\"><a href=\"https:\/\/centreholi.be\/?page_id=714\" class=\"more-link\">Continue reading<span class=\"screen-reader-text\"> &#8220;Marie Petiniot, psychologue&#8221;<\/span><\/a><\/p>\n","protected":false},"author":2,"featured_media":0,"parent":0,"menu_order":0,"comment_status":"closed","ping_status":"closed","template":"","meta":{"footnotes":""},"class_list":["post-714","page","type-page","status-publish","hentry"],"_links":{"self":[{"href":"https:\/\/centreholi.be\/index.php?rest_route=\/wp\/v2\/pages\/714","targetHints":{"allow":["GET"]}}],"collection":[{"href":"https:\/\/centreholi.be\/index.php?rest_route=\/wp\/v2\/pages"}],"about":[{"href":"https:\/\/centreholi.be\/index.php?rest_route=\/wp\/v2\/types\/page"}],"author":[{"embeddable":true,"href":"https:\/\/centreholi.be\/index.php?rest_route=\/wp\/v2\/users\/2"}],"replies":[{"embeddable":true,"href":"https:\/\/centreholi.be\/index.php?rest_route=%2Fwp%2Fv2%2Fcomments&post=714"}],"version-history":[{"count":1,"href":"https:\/\/centreholi.be\/index.php?rest_route=\/wp\/v2\/pages\/714\/revisions"}],"predecessor-version":[{"id":723,"href":"https:\/\/centreholi.be\/index.php?rest_route=\/wp\/v2\/pages\/714\/revisions\/723"}],"wp:attachment":[{"href":"https:\/\/centreholi.be\/index.php?rest_route=%2Fwp%2Fv2%2Fmedia&parent=714"}],"curies":[{"name":"wp","href":"https:\/\/api.w.org\/{rel}","templated":true}]}}