{"id":716,"date":"2026-04-11T23:49:22","date_gmt":"2026-04-11T21:49:22","guid":{"rendered":"https:\/\/centreholi.be\/?page_id=716"},"modified":"2026-04-12T00:09:22","modified_gmt":"2026-04-11T22:09:22","slug":"convention-avec-le-chrv-verviers","status":"publish","type":"page","link":"https:\/\/centreholi.be\/?page_id=716","title":{"rendered":"CHR Verviers"},"content":{"rendered":"\n<p>Le CHR Verviers collabore avec le Centre Holi pour d\u00e9localiser certaines activit\u00e9s et consultations dans un cadre moins m\u00e9dicalis\u00e9.<br><br>Parmi ces activit\u00e9s :<br>&#8211; <a href=\"https:\/\/centreholi.be\/?page_id=730\" data-type=\"page\" data-id=\"730\">consultation d&#8217;oncologie (Dr Sacr\u00e9<\/a>),<br>&#8211; <a href=\"https:\/\/centreholi.be\/?page_id=725\" data-type=\"page\" data-id=\"725\">consultation de neurop\u00e9diatrie (Dr Daron<\/a>),<br>&#8211; <a href=\"https:\/\/centreholi.be\/?page_id=740\" data-type=\"page\" data-id=\"740\">suivi psychologique dans le cadre de la clinique du sein (St\u00e9phanie Ernst)<\/a>,<br>&#8211; <a href=\"https:\/\/centreholi.be\/?page_id=709\" data-type=\"page\" data-id=\"709\">prise en charge psychologique pour la clinique de la douleur (Julie De Baerdemaeker)<\/a>,<br>&#8211; <a href=\"https:\/\/centreholi.be\/?page_id=714\" data-type=\"page\" data-id=\"714\">suivi psychologique (Marie Petiniot)<\/a>.<\/p>\n\n\n\n<figure class=\"wp-block-image size-large\"><img loading=\"lazy\" decoding=\"async\" width=\"683\" height=\"1024\" src=\"https:\/\/centreholi.be\/wp-content\/uploads\/2026\/04\/1Z5A9415-683x1024.jpg\" alt=\"\" class=\"wp-image-718\" srcset=\"https:\/\/centreholi.be\/wp-content\/uploads\/2026\/04\/1Z5A9415-683x1024.jpg 683w, https:\/\/centreholi.be\/wp-content\/uploads\/2026\/04\/1Z5A9415-200x300.jpg 200w, https:\/\/centreholi.be\/wp-content\/uploads\/2026\/04\/1Z5A9415-768x1152.jpg 768w, https:\/\/centreholi.be\/wp-content\/uploads\/2026\/04\/1Z5A9415-1024x1536.jpg 1024w, https:\/\/centreholi.be\/wp-content\/uploads\/2026\/04\/1Z5A9415-1365x2048.jpg 1365w, https:\/\/centreholi.be\/wp-content\/uploads\/2026\/04\/1Z5A9415-scaled.jpg 1707w\" sizes=\"auto, (max-width: 683px) 100vw, 683px\" \/><\/figure>\n","protected":false},"excerpt":{"rendered":"<p>Le CHR Verviers collabore avec le Centre Holi pour d\u00e9localiser certaines activit\u00e9s et consultations dans un cadre moins m\u00e9dicalis\u00e9. Parmi ces activit\u00e9s :&#8211; consultation d&#8217;oncologie (Dr Sacr\u00e9),&#8211; consultation de neurop\u00e9diatrie (Dr Daron),&#8211; suivi psychologique dans le cadre de la clinique du sein (St\u00e9phanie Ernst),&#8211; prise en charge psychologique pour la clinique de la douleur (Julie &hellip; <\/p>\n<p class=\"link-more\"><a href=\"https:\/\/centreholi.be\/?page_id=716\" class=\"more-link\">Continue reading<span class=\"screen-reader-text\"> &#8220;CHR Verviers&#8221;<\/span><\/a><\/p>\n","protected":false},"author":2,"featured_media":0,"parent":0,"menu_order":0,"comment_status":"closed","ping_status":"closed","template":"","meta":{"footnotes":""},"class_list":["post-716","page","type-page","status-publish","hentry"],"_links":{"self":[{"href":"https:\/\/centreholi.be\/index.php?rest_route=\/wp\/v2\/pages\/716","targetHints":{"allow":["GET"]}}],"collection":[{"href":"https:\/\/centreholi.be\/index.php?rest_route=\/wp\/v2\/pages"}],"about":[{"href":"https:\/\/centreholi.be\/index.php?rest_route=\/wp\/v2\/types\/page"}],"author":[{"embeddable":true,"href":"https:\/\/centreholi.be\/index.php?rest_route=\/wp\/v2\/users\/2"}],"replies":[{"embeddable":true,"href":"https:\/\/centreholi.be\/index.php?rest_route=%2Fwp%2Fv2%2Fcomments&post=716"}],"version-history":[{"count":4,"href":"https:\/\/centreholi.be\/index.php?rest_route=\/wp\/v2\/pages\/716\/revisions"}],"predecessor-version":[{"id":746,"href":"https:\/\/centreholi.be\/index.php?rest_route=\/wp\/v2\/pages\/716\/revisions\/746"}],"wp:attachment":[{"href":"https:\/\/centreholi.be\/index.php?rest_route=%2Fwp%2Fv2%2Fmedia&parent=716"}],"curies":[{"name":"wp","href":"https:\/\/api.w.org\/{rel}","templated":true}]}}