{"id":725,"date":"2026-04-11T23:51:33","date_gmt":"2026-04-11T21:51:33","guid":{"rendered":"https:\/\/centreholi.be\/?page_id=725"},"modified":"2026-04-11T23:51:33","modified_gmt":"2026-04-11T21:51:33","slug":"dr-aurore-daron-neuropediatre","status":"publish","type":"page","link":"https:\/\/centreholi.be\/?page_id=725","title":{"rendered":"Dr Aurore Daron, neurop\u00e9diatre"},"content":{"rendered":"\n<figure class=\"wp-block-image size-large\"><img loading=\"lazy\" decoding=\"async\" width=\"1024\" height=\"683\" src=\"https:\/\/centreholi.be\/wp-content\/uploads\/2025\/08\/3E6A5245-1-1024x683.jpg\" alt=\"\" class=\"wp-image-420\" srcset=\"https:\/\/centreholi.be\/wp-content\/uploads\/2025\/08\/3E6A5245-1-1024x683.jpg 1024w, https:\/\/centreholi.be\/wp-content\/uploads\/2025\/08\/3E6A5245-1-300x200.jpg 300w, https:\/\/centreholi.be\/wp-content\/uploads\/2025\/08\/3E6A5245-1-768x512.jpg 768w, https:\/\/centreholi.be\/wp-content\/uploads\/2025\/08\/3E6A5245-1-1536x1024.jpg 1536w, https:\/\/centreholi.be\/wp-content\/uploads\/2025\/08\/3E6A5245-1-2048x1365.jpg 2048w\" sizes=\"auto, (max-width: 767px) 89vw, (max-width: 1000px) 54vw, (max-width: 1071px) 543px, 580px\" \/><\/figure>\n\n\n\n<p>&#8220;Les enfants sont des \u00e9nigmes lumineuses&#8221; (Daniel Pennac)<\/p>\n\n\n\n<p>Aurore Daron est neurop\u00e9diatre dans le service Universitaire de P\u00e9diatrie du CHU de Li\u00e8ge, \u00e0 la Citadelle et au CHR Verviers.<\/p>\n\n\n\n<p>Elle re\u00e7oit en consultation les enfants de 0 \u00e0 16 ans pour la mise au point et la prise en charge de c\u00e9phal\u00e9es, retard et troubles du d\u00e9veloppement (retard de d\u00e9veloppement psychomoteur, de langage) et des apprentissages (dysphasie, dyslexie, dysorthographie, dyscalculie, dyspraxie, TDA(H)).<\/p>\n\n\n\n<p>Rendez-vous au Centre Holi le mercredi matin &#8211; consultation conventionn\u00e9e dans le cadre du CHR Verviers.<\/p>\n\n\n\n<p>Prise de rendez-vous via le service des rendez-vous de p\u00e9diatrie du CHR Verviers au 087\/21 26 54.<\/p>\n","protected":false},"excerpt":{"rendered":"<p>&#8220;Les enfants sont des \u00e9nigmes lumineuses&#8221; (Daniel Pennac) Aurore Daron est neurop\u00e9diatre dans le service Universitaire de P\u00e9diatrie du CHU de Li\u00e8ge, \u00e0 la Citadelle et au CHR Verviers. Elle re\u00e7oit en consultation les enfants de 0 \u00e0 16 ans pour la mise au point et la prise en charge de c\u00e9phal\u00e9es, retard et troubles &hellip; <\/p>\n<p class=\"link-more\"><a href=\"https:\/\/centreholi.be\/?page_id=725\" class=\"more-link\">Continue reading<span class=\"screen-reader-text\"> &#8220;Dr Aurore Daron, neurop\u00e9diatre&#8221;<\/span><\/a><\/p>\n","protected":false},"author":2,"featured_media":0,"parent":0,"menu_order":0,"comment_status":"closed","ping_status":"closed","template":"","meta":{"footnotes":""},"class_list":["post-725","page","type-page","status-publish","hentry"],"_links":{"self":[{"href":"https:\/\/centreholi.be\/index.php?rest_route=\/wp\/v2\/pages\/725","targetHints":{"allow":["GET"]}}],"collection":[{"href":"https:\/\/centreholi.be\/index.php?rest_route=\/wp\/v2\/pages"}],"about":[{"href":"https:\/\/centreholi.be\/index.php?rest_route=\/wp\/v2\/types\/page"}],"author":[{"embeddable":true,"href":"https:\/\/centreholi.be\/index.php?rest_route=\/wp\/v2\/users\/2"}],"replies":[{"embeddable":true,"href":"https:\/\/centreholi.be\/index.php?rest_route=%2Fwp%2Fv2%2Fcomments&post=725"}],"version-history":[{"count":1,"href":"https:\/\/centreholi.be\/index.php?rest_route=\/wp\/v2\/pages\/725\/revisions"}],"predecessor-version":[{"id":727,"href":"https:\/\/centreholi.be\/index.php?rest_route=\/wp\/v2\/pages\/725\/revisions\/727"}],"wp:attachment":[{"href":"https:\/\/centreholi.be\/index.php?rest_route=%2Fwp%2Fv2%2Fmedia&parent=725"}],"curies":[{"name":"wp","href":"https:\/\/api.w.org\/{rel}","templated":true}]}}