{"id":730,"date":"2026-04-11T23:53:42","date_gmt":"2026-04-11T21:53:42","guid":{"rendered":"https:\/\/centreholi.be\/?page_id=730"},"modified":"2026-04-11T23:53:42","modified_gmt":"2026-04-11T21:53:42","slug":"dr-anne-sacre-oncologue","status":"publish","type":"page","link":"https:\/\/centreholi.be\/?page_id=730","title":{"rendered":"Dr Anne Sacr\u00e9, oncologue"},"content":{"rendered":"\n<figure class=\"wp-block-image size-large\"><img loading=\"lazy\" decoding=\"async\" width=\"683\" height=\"1024\" src=\"https:\/\/centreholi.be\/wp-content\/uploads\/2025\/08\/3E6A5115-683x1024.jpg\" alt=\"\" class=\"wp-image-268\" srcset=\"https:\/\/centreholi.be\/wp-content\/uploads\/2025\/08\/3E6A5115-683x1024.jpg 683w, https:\/\/centreholi.be\/wp-content\/uploads\/2025\/08\/3E6A5115-200x300.jpg 200w, https:\/\/centreholi.be\/wp-content\/uploads\/2025\/08\/3E6A5115-768x1152.jpg 768w, https:\/\/centreholi.be\/wp-content\/uploads\/2025\/08\/3E6A5115-1024x1536.jpg 1024w, https:\/\/centreholi.be\/wp-content\/uploads\/2025\/08\/3E6A5115-1365x2048.jpg 1365w, https:\/\/centreholi.be\/wp-content\/uploads\/2025\/08\/3E6A5115-scaled.jpg 1707w\" sizes=\"auto, (max-width: 683px) 100vw, 683px\" \/><\/figure>\n\n\n\n<p>Le Dr Anne Sacr\u00e9 est oncologue au CHR Verviers. Elle assure des consultations de suivi oncologique les mardis soirs et mercredis matins au Centre Holi.<\/p>\n\n\n\n<p>Membre de la SFOI (soci\u00e9t\u00e9 fran\u00e7aise d\u2019oncologie int\u00e9grative), elle s\u2019int\u00e9resse particuli\u00e8rement \u00e0 la pr\u00e9vention (primaire, secondaire et tertiaire) des cancers.<br><br>Prise de rendez-vous via le secr\u00e9tariat du CHR de Verviers : 087\/21.21.71.<\/p>\n","protected":false},"excerpt":{"rendered":"<p>Le Dr Anne Sacr\u00e9 est oncologue au CHR Verviers. Elle assure des consultations de suivi oncologique les mardis soirs et mercredis matins au Centre Holi. Membre de la SFOI (soci\u00e9t\u00e9 fran\u00e7aise d\u2019oncologie int\u00e9grative), elle s\u2019int\u00e9resse particuli\u00e8rement \u00e0 la pr\u00e9vention (primaire, secondaire et tertiaire) des cancers. Prise de rendez-vous via le secr\u00e9tariat du CHR de Verviers &hellip; <\/p>\n<p class=\"link-more\"><a href=\"https:\/\/centreholi.be\/?page_id=730\" class=\"more-link\">Continue reading<span class=\"screen-reader-text\"> &#8220;Dr Anne Sacr\u00e9, oncologue&#8221;<\/span><\/a><\/p>\n","protected":false},"author":2,"featured_media":0,"parent":0,"menu_order":0,"comment_status":"closed","ping_status":"closed","template":"","meta":{"footnotes":""},"class_list":["post-730","page","type-page","status-publish","hentry"],"_links":{"self":[{"href":"https:\/\/centreholi.be\/index.php?rest_route=\/wp\/v2\/pages\/730","targetHints":{"allow":["GET"]}}],"collection":[{"href":"https:\/\/centreholi.be\/index.php?rest_route=\/wp\/v2\/pages"}],"about":[{"href":"https:\/\/centreholi.be\/index.php?rest_route=\/wp\/v2\/types\/page"}],"author":[{"embeddable":true,"href":"https:\/\/centreholi.be\/index.php?rest_route=\/wp\/v2\/users\/2"}],"replies":[{"embeddable":true,"href":"https:\/\/centreholi.be\/index.php?rest_route=%2Fwp%2Fv2%2Fcomments&post=730"}],"version-history":[{"count":1,"href":"https:\/\/centreholi.be\/index.php?rest_route=\/wp\/v2\/pages\/730\/revisions"}],"predecessor-version":[{"id":734,"href":"https:\/\/centreholi.be\/index.php?rest_route=\/wp\/v2\/pages\/730\/revisions\/734"}],"wp:attachment":[{"href":"https:\/\/centreholi.be\/index.php?rest_route=%2Fwp%2Fv2%2Fmedia&parent=730"}],"curies":[{"name":"wp","href":"https:\/\/api.w.org\/{rel}","templated":true}]}}