{"id":774,"date":"2026-04-19T17:07:55","date_gmt":"2026-04-19T15:07:55","guid":{"rendered":"https:\/\/centreholi.be\/?page_id=774"},"modified":"2026-04-19T17:09:00","modified_gmt":"2026-04-19T15:09:00","slug":"musicotherapie-pour-femmes-enceintes","status":"publish","type":"page","link":"https:\/\/centreholi.be\/?page_id=774","title":{"rendered":"Musicoth\u00e9rapie pour femmes enceintes"},"content":{"rendered":"\n<p>Premier atelier de musicoth\u00e9rapie pour femmes enceintes ce dimanche 26 avril de 14h30 \u00e0 16h00.<\/p>\n\n\n\n<p>Avec sa douceur habituelle, Roxane accompagnera les mamans en devenir durant 1h30.<br><br>Tarif : 25 euros par maman.<br>Inscription : toutparlamusique@gmail.com<\/p>\n\n\n\n<p>Il ne s&#8217;agit pas d&#8217;une pratique extravagante. Les donn\u00e9es scientifiques montrent des effets positifs sur la maman et le nouveau n\u00e9.<\/p>\n\n\n\n<p>&#8220;La musicoth\u00e9rapie de groupe semble favoriser l&#8217;attachement pr\u00e9natal et l&#8217;\u00e9ventail des niveaux d\u2019\u00e9veil et de r\u00e9activit\u00e9 n\u00e9onataux. Le chant pr\u00e9natal am\u00e9liore l&#8217;association entre sant\u00e9 mentale maternelle et comp\u00e9tences sociales et d&#8217;autor\u00e9gulation du nouveau-n\u00e9&#8221;. Conclusion de l&#8217;article publi\u00e9 en juin dernier : Carvalho et al. &#8211; Early Hum Dev, 2025 Jun.<\/p>\n\n\n\n<figure class=\"wp-block-image size-large\"><img loading=\"lazy\" decoding=\"async\" width=\"683\" height=\"1024\" src=\"https:\/\/centreholi.be\/wp-content\/uploads\/2026\/04\/Musicotherapie-femmes-enceintes-683x1024.png\" alt=\"\" class=\"wp-image-775\" srcset=\"https:\/\/centreholi.be\/wp-content\/uploads\/2026\/04\/Musicotherapie-femmes-enceintes-683x1024.png 683w, https:\/\/centreholi.be\/wp-content\/uploads\/2026\/04\/Musicotherapie-femmes-enceintes-200x300.png 200w, https:\/\/centreholi.be\/wp-content\/uploads\/2026\/04\/Musicotherapie-femmes-enceintes-768x1152.png 768w, https:\/\/centreholi.be\/wp-content\/uploads\/2026\/04\/Musicotherapie-femmes-enceintes.png 1024w\" sizes=\"auto, (max-width: 683px) 100vw, 683px\" \/><\/figure>\n","protected":false},"excerpt":{"rendered":"<p>Premier atelier de musicoth\u00e9rapie pour femmes enceintes ce dimanche 26 avril de 14h30 \u00e0 16h00. Avec sa douceur habituelle, Roxane accompagnera les mamans en devenir durant 1h30. Tarif : 25 euros par maman.Inscription : toutparlamusique@gmail.com Il ne s&#8217;agit pas d&#8217;une pratique extravagante. Les donn\u00e9es scientifiques montrent des effets positifs sur la maman et le nouveau &hellip; <\/p>\n<p class=\"link-more\"><a href=\"https:\/\/centreholi.be\/?page_id=774\" class=\"more-link\">Continue reading<span class=\"screen-reader-text\"> &#8220;Musicoth\u00e9rapie pour femmes enceintes&#8221;<\/span><\/a><\/p>\n","protected":false},"author":2,"featured_media":0,"parent":0,"menu_order":0,"comment_status":"closed","ping_status":"closed","template":"","meta":{"footnotes":""},"class_list":["post-774","page","type-page","status-publish","hentry"],"_links":{"self":[{"href":"https:\/\/centreholi.be\/index.php?rest_route=\/wp\/v2\/pages\/774","targetHints":{"allow":["GET"]}}],"collection":[{"href":"https:\/\/centreholi.be\/index.php?rest_route=\/wp\/v2\/pages"}],"about":[{"href":"https:\/\/centreholi.be\/index.php?rest_route=\/wp\/v2\/types\/page"}],"author":[{"embeddable":true,"href":"https:\/\/centreholi.be\/index.php?rest_route=\/wp\/v2\/users\/2"}],"replies":[{"embeddable":true,"href":"https:\/\/centreholi.be\/index.php?rest_route=%2Fwp%2Fv2%2Fcomments&post=774"}],"version-history":[{"count":2,"href":"https:\/\/centreholi.be\/index.php?rest_route=\/wp\/v2\/pages\/774\/revisions"}],"predecessor-version":[{"id":779,"href":"https:\/\/centreholi.be\/index.php?rest_route=\/wp\/v2\/pages\/774\/revisions\/779"}],"wp:attachment":[{"href":"https:\/\/centreholi.be\/index.php?rest_route=%2Fwp%2Fv2%2Fmedia&parent=774"}],"curies":[{"name":"wp","href":"https:\/\/api.w.org\/{rel}","templated":true}]}}