{"id":785,"date":"2026-04-20T23:07:42","date_gmt":"2026-04-20T21:07:42","guid":{"rendered":"https:\/\/centreholi.be\/?page_id=785"},"modified":"2026-04-20T23:12:09","modified_gmt":"2026-04-20T21:12:09","slug":"785-2","status":"publish","type":"page","link":"https:\/\/centreholi.be\/?page_id=785","title":{"rendered":"Atelier brunch"},"content":{"rendered":"\n<p>Pour bien commencer la journ\u00e9e&#8230;<\/p>\n\n\n\n<figure class=\"wp-block-image size-large\"><img loading=\"lazy\" decoding=\"async\" width=\"724\" height=\"1024\" src=\"https:\/\/centreholi.be\/wp-content\/uploads\/2026\/04\/Affiche-bis-atelier-brunch-centre-Holi-2-1-724x1024.png\" alt=\"\" class=\"wp-image-786\" srcset=\"https:\/\/centreholi.be\/wp-content\/uploads\/2026\/04\/Affiche-bis-atelier-brunch-centre-Holi-2-1-724x1024.png 724w, https:\/\/centreholi.be\/wp-content\/uploads\/2026\/04\/Affiche-bis-atelier-brunch-centre-Holi-2-1-212x300.png 212w, https:\/\/centreholi.be\/wp-content\/uploads\/2026\/04\/Affiche-bis-atelier-brunch-centre-Holi-2-1-768x1086.png 768w, https:\/\/centreholi.be\/wp-content\/uploads\/2026\/04\/Affiche-bis-atelier-brunch-centre-Holi-2-1-1086x1536.png 1086w, https:\/\/centreholi.be\/wp-content\/uploads\/2026\/04\/Affiche-bis-atelier-brunch-centre-Holi-2-1-1448x2048.png 1448w, https:\/\/centreholi.be\/wp-content\/uploads\/2026\/04\/Affiche-bis-atelier-brunch-centre-Holi-2-1-scaled.png 1811w\" sizes=\"auto, (max-width: 724px) 100vw, 724px\" \/><\/figure>\n\n\n\n<p>Maureen et Claudine vous proposent un petit-d\u00e9jeuner gourmand, sain et instructif.<br><br>Possibilit\u00e9s d&#8217;organiser des \u00e9v\u00e9nements similaires sur mesure.<br><br>N&#8217;h\u00e9sitez pas \u00e0 contacter Maureen via mealpep@outlook.be.<\/p>\n\n\n\n<p><\/p>\n","protected":false},"excerpt":{"rendered":"<p>Pour bien commencer la journ\u00e9e&#8230; Maureen et Claudine vous proposent un petit-d\u00e9jeuner gourmand, sain et instructif. Possibilit\u00e9s d&#8217;organiser des \u00e9v\u00e9nements similaires sur mesure. N&#8217;h\u00e9sitez pas \u00e0 contacter Maureen via mealpep@outlook.be.<\/p>\n","protected":false},"author":2,"featured_media":0,"parent":0,"menu_order":0,"comment_status":"closed","ping_status":"closed","template":"","meta":{"footnotes":""},"class_list":["post-785","page","type-page","status-publish","hentry"],"_links":{"self":[{"href":"https:\/\/centreholi.be\/index.php?rest_route=\/wp\/v2\/pages\/785","targetHints":{"allow":["GET"]}}],"collection":[{"href":"https:\/\/centreholi.be\/index.php?rest_route=\/wp\/v2\/pages"}],"about":[{"href":"https:\/\/centreholi.be\/index.php?rest_route=\/wp\/v2\/types\/page"}],"author":[{"embeddable":true,"href":"https:\/\/centreholi.be\/index.php?rest_route=\/wp\/v2\/users\/2"}],"replies":[{"embeddable":true,"href":"https:\/\/centreholi.be\/index.php?rest_route=%2Fwp%2Fv2%2Fcomments&post=785"}],"version-history":[{"count":4,"href":"https:\/\/centreholi.be\/index.php?rest_route=\/wp\/v2\/pages\/785\/revisions"}],"predecessor-version":[{"id":792,"href":"https:\/\/centreholi.be\/index.php?rest_route=\/wp\/v2\/pages\/785\/revisions\/792"}],"wp:attachment":[{"href":"https:\/\/centreholi.be\/index.php?rest_route=%2Fwp%2Fv2%2Fmedia&parent=785"}],"curies":[{"name":"wp","href":"https:\/\/api.w.org\/{rel}","templated":true}]}}